{"id":19101,"date":"2019-11-01T15:56:36","date_gmt":"2019-11-01T14:56:36","guid":{"rendered":"https:\/\/www.dutchcomiccon.com\/?page_id=19101"},"modified":"2020-10-29T13:46:53","modified_gmt":"2020-10-29T12:46:53","slug":"nwtv","status":"publish","type":"page","link":"https:\/\/www.dutchcomiccon.com\/nl\/gaming\/nwtv\/","title":{"rendered":"NWTV"},"content":{"rendered":"\t\t<div data-elementor-type=\"wp-post\" data-elementor-id=\"19101\" class=\"elementor elementor-19101\" data-elementor-post-type=\"page\">\n\t\t\t\t\t\t<section class=\"elementor-section elementor-top-section elementor-element elementor-element-3120570a elementor-section-height-min-height elementor-section-stretched elementor-section-boxed elementor-section-height-default elementor-section-items-middle\" data-id=\"3120570a\" data-element_type=\"section\" data-settings=\"{&quot;background_background&quot;:&quot;classic&quot;,&quot;stretch_section&quot;:&quot;section-stretched&quot;,&quot;shape_divider_bottom&quot;:&quot;tilt&quot;}\">\n\t\t\t\t\t\t\t<div class=\"elementor-background-overlay\"><\/div>\n\t\t\t\t\t\t<div class=\"elementor-shape elementor-shape-bottom\" aria-hidden=\"true\" data-negative=\"false\">\n\t\t\t<svg xmlns=\"http:\/\/www.w3.org\/2000\/svg\" viewBox=\"0 0 1000 100\" preserveAspectRatio=\"none\">\n\t<path class=\"elementor-shape-fill\" d=\"M0,6V0h1000v100L0,6z\"\/>\n<\/svg>\t\t<\/div>\n\t\t\t\t\t<div class=\"elementor-container elementor-column-gap-default\">\n\t\t\t\t\t<div class=\"elementor-column elementor-col-100 elementor-top-column elementor-element elementor-element-4e40e6d0\" data-id=\"4e40e6d0\" data-element_type=\"column\">\n\t\t\t<div class=\"elementor-widget-wrap elementor-element-populated\">\n\t\t\t\t\t\t<div class=\"elementor-element elementor-element-569ebc7 elementor-widget elementor-widget-heading\" data-id=\"569ebc7\" data-element_type=\"widget\" data-widget_type=\"heading.default\">\n\t\t\t\t<div class=\"elementor-widget-container\">\n\t\t\t\t\t<h2 class=\"elementor-heading-title elementor-size-default\">NWTV<\/h2>\t\t\t\t<\/div>\n\t\t\t\t<\/div>\n\t\t\t\t<div class=\"elementor-element elementor-element-4e733a3 elementor-widget elementor-widget-sp-breadcrumbs\" data-id=\"4e733a3\" data-element_type=\"widget\" data-widget_type=\"sp-breadcrumbs.default\">\n\t\t\t\t<div class=\"elementor-widget-container\">\n\t\t\t\t\t<nav  aria-label=\"breadcrumb\"><ol class=\"breadcrumb\" itemscope itemtype=\"https:\/\/schema.org\/BreadcrumbList\"><li class=\"breadcrumb-item active\" aria-current=\"page\" itemprop=\"itemListElement\" itemscope itemtype=\"https:\/\/schema.org\/ListItem\"><span itemprop=\"name\">Home<\/span><meta itemprop=\"position\" content=\"1\"><\/li><\/ol><\/nav>\t\t\t\t<\/div>\n\t\t\t\t<\/div>\n\t\t\t\t\t<\/div>\n\t\t<\/div>\n\t\t\t\t\t<\/div>\n\t\t<\/section>\n\t\t\t\t<section class=\"elementor-section elementor-top-section elementor-element elementor-element-c2e4ab0 elementor-section-boxed elementor-section-height-default elementor-section-height-default\" data-id=\"c2e4ab0\" data-element_type=\"section\" data-settings=\"{&quot;background_background&quot;:&quot;classic&quot;}\">\n\t\t\t\t\t\t<div class=\"elementor-container elementor-column-gap-default\">\n\t\t\t\t\t<div class=\"elementor-column elementor-col-100 elementor-top-column elementor-element elementor-element-6f609c6\" data-id=\"6f609c6\" data-element_type=\"column\">\n\t\t\t<div class=\"elementor-widget-wrap elementor-element-populated\">\n\t\t\t\t\t\t<div class=\"elementor-element elementor-element-72f7b5b elementor-widget elementor-widget-heading\" data-id=\"72f7b5b\" data-element_type=\"widget\" data-widget_type=\"heading.default\">\n\t\t\t\t<div class=\"elementor-widget-container\">\n\t\t\t\t\t<h2 class=\"elementor-heading-title elementor-size-default\">Gotta Catch 'Em All bij NWTV.nl<\/h2>\t\t\t\t<\/div>\n\t\t\t\t<\/div>\n\t\t\t\t<div class=\"elementor-element elementor-element-250da7f elementor-widget-divider--view-line elementor-widget elementor-widget-divider\" data-id=\"250da7f\" data-element_type=\"widget\" data-widget_type=\"divider.default\">\n\t\t\t\t<div class=\"elementor-widget-container\">\n\t\t\t\t\t\t\t<div class=\"elementor-divider\">\n\t\t\t<span class=\"elementor-divider-separator\">\n\t\t\t\t\t\t<\/span>\n\t\t<\/div>\n\t\t\t\t\t\t<\/div>\n\t\t\t\t<\/div>\n\t\t\t\t<div class=\"elementor-element elementor-element-490206a elementor-widget elementor-widget-text-editor\" data-id=\"490206a\" data-element_type=\"widget\" data-widget_type=\"text-editor.default\">\n\t\t\t\t<div class=\"elementor-widget-container\">\n\t\t\t\t\t\t\t\t\t<p>Pok\u00e9mon trainers opgelet! NWTV is namelijk aanwezig met een stand die volledig in het teken van Pok\u00e9mon staat. Gedurende het hele weekend vinden er diverse Pok\u00e9mon activiteiten plaatsen.<\/p>\n\t\t\t\t\t\t\t\t<\/div>\n\t\t\t\t<\/div>\n\t\t\t\t\t<\/div>\n\t\t<\/div>\n\t\t\t\t\t<\/div>\n\t\t<\/section>\n\t\t\t\t<section class=\"elementor-section elementor-top-section elementor-element elementor-element-3ad6ac91 elementor-section-boxed elementor-section-height-default elementor-section-height-default\" data-id=\"3ad6ac91\" data-element_type=\"section\" data-settings=\"{&quot;background_background&quot;:&quot;classic&quot;}\">\n\t\t\t\t\t\t\t<div class=\"elementor-background-overlay\"><\/div>\n\t\t\t\t\t\t\t<div class=\"elementor-container elementor-column-gap-default\">\n\t\t\t\t\t<div class=\"elementor-column elementor-col-50 elementor-top-column elementor-element elementor-element-687ea698\" data-id=\"687ea698\" data-element_type=\"column\">\n\t\t\t<div class=\"elementor-widget-wrap elementor-element-populated\">\n\t\t\t\t\t\t<div class=\"elementor-element elementor-element-73bf67d3 elementor-widget elementor-widget-heading\" data-id=\"73bf67d3\" data-element_type=\"widget\" data-widget_type=\"heading.default\">\n\t\t\t\t<div class=\"elementor-widget-container\">\n\t\t\t\t\t<h2 class=\"elementor-heading-title elementor-size-default\">Wat is NWTV?<\/h2>\t\t\t\t<\/div>\n\t\t\t\t<\/div>\n\t\t\t\t<div class=\"elementor-element elementor-element-5d0f8ba6 elementor-widget elementor-widget-text-editor\" data-id=\"5d0f8ba6\" data-element_type=\"widget\" data-widget_type=\"text-editor.default\">\n\t\t\t\t<div class=\"elementor-widget-container\">\n\t\t\t\t\t\t\t\t\t<p>NWTV is een website waar verschillende onderwerpen voor de liefhebbers van moderne entertainment samenkomen. Op hun website lees je reviews en nieuws over videogames, films, series, technologie, festivals en meer. Ook beheren zij\u00a0 de grootste Pok\u00e9mon GO-community van Nederland.<\/p>\n\t\t\t\t\t\t\t\t<\/div>\n\t\t\t\t<\/div>\n\t\t\t\t<div class=\"elementor-element elementor-element-a6662f9 elementor-align-center elementor-widget elementor-widget-button\" data-id=\"a6662f9\" data-element_type=\"widget\" data-widget_type=\"button.default\">\n\t\t\t\t<div class=\"elementor-widget-container\">\n\t\t\t\t\t\t\t\t\t<div class=\"elementor-button-wrapper\">\n\t\t\t\t\t<a class=\"elementor-button elementor-button-link elementor-size-sm\" href=\"https:\/\/www.nwtv.nl\/?utm_source=derden&#038;utm_medium=smp&#038;utm_campaign=derden-smp-DCC19W1511-NWTV\" target=\"_blank\">\n\t\t\t\t\t\t<span class=\"elementor-button-content-wrapper\">\n\t\t\t\t\t\t\t\t\t<span class=\"elementor-button-text\">Bezoek NWTV<\/span>\n\t\t\t\t\t<\/span>\n\t\t\t\t\t<\/a>\n\t\t\t\t<\/div>\n\t\t\t\t\t\t\t\t<\/div>\n\t\t\t\t<\/div>\n\t\t\t\t\t<\/div>\n\t\t<\/div>\n\t\t\t\t<div class=\"elementor-column elementor-col-50 elementor-top-column elementor-element elementor-element-230ef2b6\" data-id=\"230ef2b6\" data-element_type=\"column\">\n\t\t\t<div class=\"elementor-widget-wrap\">\n\t\t\t\t\t\t\t<\/div>\n\t\t<\/div>\n\t\t\t\t\t<\/div>\n\t\t<\/section>\n\t\t\t\t<section class=\"elementor-section elementor-top-section elementor-element elementor-element-187acbd elementor-section-boxed elementor-section-height-default elementor-section-height-default\" data-id=\"187acbd\" data-element_type=\"section\" data-settings=\"{&quot;background_background&quot;:&quot;classic&quot;}\">\n\t\t\t\t\t\t<div class=\"elementor-container elementor-column-gap-default\">\n\t\t\t\t\t<div class=\"elementor-column elementor-col-100 elementor-top-column elementor-element elementor-element-9f624a2\" data-id=\"9f624a2\" data-element_type=\"column\">\n\t\t\t<div class=\"elementor-widget-wrap elementor-element-populated\">\n\t\t\t\t\t\t<div class=\"elementor-element elementor-element-e5e20e8 elementor-widget elementor-widget-spacer\" data-id=\"e5e20e8\" data-element_type=\"widget\" data-widget_type=\"spacer.default\">\n\t\t\t\t<div class=\"elementor-widget-container\">\n\t\t\t\t\t\t\t<div class=\"elementor-spacer\">\n\t\t\t<div class=\"elementor-spacer-inner\"><\/div>\n\t\t<\/div>\n\t\t\t\t\t\t<\/div>\n\t\t\t\t<\/div>\n\t\t\t\t<section class=\"elementor-section elementor-inner-section elementor-element elementor-element-df4957d elementor-section-boxed elementor-section-height-default elementor-section-height-default\" data-id=\"df4957d\" data-element_type=\"section\">\n\t\t\t\t\t\t<div class=\"elementor-container elementor-column-gap-default\">\n\t\t\t\t\t<div class=\"elementor-column elementor-col-50 elementor-inner-column elementor-element elementor-element-65cd74d\" data-id=\"65cd74d\" data-element_type=\"column\">\n\t\t\t<div class=\"elementor-widget-wrap elementor-element-populated\">\n\t\t\t\t\t\t<div class=\"elementor-element elementor-element-b32c137 elementor-widget elementor-widget-text-editor\" data-id=\"b32c137\" data-element_type=\"widget\" data-widget_type=\"text-editor.default\">\n\t\t\t\t<div class=\"elementor-widget-container\">\n\t\t\t\t\t\t\t\t\t<h2>Tijdschema<\/h2>\n\t\t\t\t\t\t\t\t<\/div>\n\t\t\t\t<\/div>\n\t\t\t\t<div class=\"elementor-element elementor-element-29ff31e elementor-widget-divider--view-line elementor-widget elementor-widget-divider\" data-id=\"29ff31e\" data-element_type=\"widget\" data-widget_type=\"divider.default\">\n\t\t\t\t<div class=\"elementor-widget-container\">\n\t\t\t\t\t\t\t<div class=\"elementor-divider\">\n\t\t\t<span class=\"elementor-divider-separator\">\n\t\t\t\t\t\t<\/span>\n\t\t<\/div>\n\t\t\t\t\t\t<\/div>\n\t\t\t\t<\/div>\n\t\t\t\t<div class=\"elementor-element elementor-element-363e24f elementor-widget elementor-widget-text-editor\" data-id=\"363e24f\" data-element_type=\"widget\" data-widget_type=\"text-editor.default\">\n\t\t\t\t<div class=\"elementor-widget-container\">\n\t\t\t\t\t\t\t\t\t<p class=\"MsoNormal\" style=\"background-image: initial; background-position: initial;\"><span style=\"font-size: 12.0pt; color: black;\">Bekijk het programma van de NWTV stand hieronder.<\/span><\/p>\n<p class=\"MsoNormal\" style=\"background-image: initial; background-position: initial;\"><strong><span style=\"font-size: 12.0pt; color: black;\">11:00 Pok\u00e9mon GO Great League toernooi: <\/span><\/strong><span style=\"font-size: 12.0pt; color: black;\">\u00a0 Strijd tegen elkaar met Pok\u00e9mon uit de Great League. Als winnaar krijg je een mooie prijs! <a href=\"https:\/\/forms.office.com\/Pages\/ResponsePage.aspx?id=h9dgY-hZs0ezy-d8nS2voVeWQTuAABZNuLDcelwz19RUM1ZJWE04VTE4S0tHMjk2STVSVUFBUlZZOC4u\" target=\"_blank\" rel=\"noopener\"><strong>Schrijf je nu in!<\/strong><\/a><\/span><\/p>\n<p class=\"MsoNormal\" style=\"background-image: initial; background-position: initial;\"><strong><span style=\"font-size: 12.0pt; color: black;\">12:00 Pok\u00e9mon GO ruil-moment: <\/span><\/strong>Ruil Pok\u00e9mon met elkaar en bouw je eigen team!<\/p>\n<p><strong><span style=\"font-size: 12.0pt; color: black;\">13:00 Pok\u00e9mon GO Ultra League toernooi: <\/span><\/strong><span style=\"color: #000000;\">Strijd tegen elkaar in de Ultra League. De winnaar krijgt een prijs mee naar huis!<\/span> <span style=\"font-size: 12.0pt; color: black;\"><strong><a href=\"https:\/\/forms.office.com\/Pages\/ResponsePage.aspx?id=h9dgY-hZs0ezy-d8nS2voVeWQTuAABZNuLDcelwz19RUODREWjA5UjZYMTVaV0VMOUU3VkZXMVFDNi4u\" target=\"_blank\" rel=\"noopener\">Schrijf je nu in!<\/a><\/strong> <\/span><span style=\"font-size: 12.0pt; color: black;\"> <strong>15:00 Pok\u00e9mon GO Master League toernooi:<\/strong> <\/span><span style=\"font-size: 12.0pt; color: black;\">Strijd tegen elkaar met Pok\u00e9mon uit de Master League. Als overwinner mag je een leuke prijs in ontvangst nemen!<strong>\u00a0<a href=\"https:\/\/forms.office.com\/Pages\/ResponsePage.aspx?id=h9dgY-hZs0ezy-d8nS2voVeWQTuAABZNuLDcelwz19RUOUM5UkVKVlo5R05MQVcxVFlOQlVIQUtMMy4u\" target=\"_blank\" rel=\"noopener\">Schrijf je nu in!<\/a><\/strong><\/span><\/p>\n<p class=\"MsoNormal\" style=\"background-image: initial; background-position: initial;\"><strong><span style=\"font-size: 12.0pt; color: black;\">16:00 Pok\u00e9mon Cosplayer meetup <\/span><\/strong><span style=\"color: #000000;\">Kom als cosplayer naar onze stand en toon jouw prachtige creatie aan de fans of kom op bezoek zodat je de mooiste kostuums te zien krijgt! De mooiste cosplay krijgt een mooie prijs mee naar huis.<\/span><\/p>\n<p class=\"MsoNormal\" style=\"background-image: initial; background-position: initial;\"><strong><span style=\"font-size: 12.0pt; color: black;\">17:00 Pok\u00e9mon Pubquiz <\/span><\/strong><span style=\"color: #000000;\">Doe mee met de pubquiz terwijl je allerlei trivia omtrent de Pok\u00e9mon-serie voor je kiezen krijgt. Ken jij alle feitjes omtrent de serie, games en meer? Zorg dan dat je meedoet! De winnaar \/ Het winnende team gaat naar huis met een leuke prijs.<\/span><\/p>\n\t\t\t\t\t\t\t\t<\/div>\n\t\t\t\t<\/div>\n\t\t\t\t\t<\/div>\n\t\t<\/div>\n\t\t\t\t<div class=\"elementor-column elementor-col-50 elementor-inner-column elementor-element elementor-element-ff69c06\" data-id=\"ff69c06\" data-element_type=\"column\">\n\t\t\t<div class=\"elementor-widget-wrap elementor-element-populated\">\n\t\t\t\t\t\t<div class=\"elementor-element elementor-element-9ebab08 elementor-widget elementor-widget-text-editor\" data-id=\"9ebab08\" data-element_type=\"widget\" data-widget_type=\"text-editor.default\">\n\t\t\t\t<div class=\"elementor-widget-container\">\n\t\t\t\t\t\t\t\t\t<h2>Andere activiteiten<\/h2>\n\t\t\t\t\t\t\t\t<\/div>\n\t\t\t\t<\/div>\n\t\t\t\t<div class=\"elementor-element elementor-element-8845c41 elementor-widget-divider--view-line elementor-widget elementor-widget-divider\" data-id=\"8845c41\" data-element_type=\"widget\" data-widget_type=\"divider.default\">\n\t\t\t\t<div class=\"elementor-widget-container\">\n\t\t\t\t\t\t\t<div class=\"elementor-divider\">\n\t\t\t<span class=\"elementor-divider-separator\">\n\t\t\t\t\t\t<\/span>\n\t\t<\/div>\n\t\t\t\t\t\t<\/div>\n\t\t\t\t<\/div>\n\t\t\t\t<div class=\"elementor-element elementor-element-9819319 elementor-widget elementor-widget-text-editor\" data-id=\"9819319\" data-element_type=\"widget\" data-widget_type=\"text-editor.default\">\n\t\t\t\t<div class=\"elementor-widget-container\">\n\t\t\t\t\t\t\t\t\t<p>Er is nog meer te doen op de NWTV stand gedurende het hele weekend! <strong>Speel Pok\u00e9mon Sword en Pok\u00e9mon Shield<\/strong> Tijdens de beurs kun je bij ons ook de nieuwste Pok\u00e9mon-spellen voor de Switch ervaren. Kies jij voor Pok\u00e9mon Sword of Pok\u00e9mon Shield? Misschien weet je dat nog niet, maar dan kun je bij onze stand alvast een voorproefje krijgen. <strong>Haal je Meltan Box op<\/strong> Je kunt bij onze stand ook de Meltan Box ophalen, zodat je deze Pok\u00e9mon kunt tegenkomen in jouw eigen avonturen.<\/p>\n\t\t\t\t\t\t\t\t<\/div>\n\t\t\t\t<\/div>\n\t\t\t\t\t<\/div>\n\t\t<\/div>\n\t\t\t\t\t<\/div>\n\t\t<\/section>\n\t\t\t\t\t<\/div>\n\t\t<\/div>\n\t\t\t\t\t<\/div>\n\t\t<\/section>\n\t\t\t\t<section class=\"elementor-section elementor-top-section elementor-element elementor-element-6e810ea elementor-section-boxed elementor-section-height-default elementor-section-height-default\" data-id=\"6e810ea\" data-element_type=\"section\" data-settings=\"{&quot;background_background&quot;:&quot;classic&quot;}\">\n\t\t\t\t\t\t<div class=\"elementor-container elementor-column-gap-default\">\n\t\t\t\t\t<div class=\"elementor-column elementor-col-100 elementor-top-column elementor-element elementor-element-0047d9c\" data-id=\"0047d9c\" data-element_type=\"column\">\n\t\t\t<div class=\"elementor-widget-wrap elementor-element-populated\">\n\t\t\t\t\t\t<div class=\"elementor-element elementor-element-243fa45 elementor-widget elementor-widget-heading\" data-id=\"243fa45\" data-element_type=\"widget\" data-widget_type=\"heading.default\">\n\t\t\t\t<div class=\"elementor-widget-container\">\n\t\t\t\t\t<h2 class=\"elementor-heading-title elementor-size-default\">Ontdek meer over Heroes Dutch Comic Con<\/h2>\t\t\t\t<\/div>\n\t\t\t\t<\/div>\n\t\t\t\t\t<\/div>\n\t\t<\/div>\n\t\t\t\t\t<\/div>\n\t\t<\/section>\n\t\t\t\t<section class=\"elementor-section elementor-top-section elementor-element elementor-element-5e7e64d elementor-section-full_width elementor-section-height-default elementor-section-height-default\" data-id=\"5e7e64d\" data-element_type=\"section\" data-settings=\"{&quot;background_background&quot;:&quot;classic&quot;}\">\n\t\t\t\t\t\t<div class=\"elementor-container elementor-column-gap-default\">\n\t\t\t\t\t<div class=\"elementor-column elementor-col-20 elementor-top-column elementor-element elementor-element-cdcd97a\" data-id=\"cdcd97a\" data-element_type=\"column\">\n\t\t\t<div class=\"elementor-widget-wrap elementor-element-populated\">\n\t\t\t\t\t\t<div class=\"elementor-element elementor-element-5306a5c elementor-widget elementor-widget-image\" data-id=\"5306a5c\" data-element_type=\"widget\" data-widget_type=\"image.default\">\n\t\t\t\t<div class=\"elementor-widget-container\">\n\t\t\t\t\t\t\t\t\t\t\t\t\t\t\t\t<a href=\"https:\/\/www.dutchcomiccon.com\/nl\/guests\/\">\n\t\t\t\t\t\t\t<img fetchpriority=\"high\" decoding=\"async\" width=\"768\" height=\"709\" src=\"https:\/\/easyfairsassets.com\/sites\/23\/2019\/04\/Guests-1.png\" class=\"elementor-animation-grow attachment-large size-large wp-image-8878\" alt=\"\" srcset=\"https:\/\/easyfairsassets.com\/sites\/23\/2019\/04\/Guests-1.png 768w, https:\/\/easyfairsassets.com\/sites\/23\/2019\/04\/Guests-1-300x277.png 300w\" sizes=\"(max-width: 768px) 100vw, 768px\" \/>\t\t\t\t\t\t\t\t<\/a>\n\t\t\t\t\t\t\t\t\t\t\t\t\t\t\t<\/div>\n\t\t\t\t<\/div>\n\t\t\t\t\t<\/div>\n\t\t<\/div>\n\t\t\t\t<div class=\"elementor-column elementor-col-20 elementor-top-column elementor-element elementor-element-66bc6c9\" data-id=\"66bc6c9\" data-element_type=\"column\">\n\t\t\t<div class=\"elementor-widget-wrap elementor-element-populated\">\n\t\t\t\t\t\t<div class=\"elementor-element elementor-element-654a6ab elementor-widget elementor-widget-image\" data-id=\"654a6ab\" data-element_type=\"widget\" data-settings=\"{&quot;_animation&quot;:&quot;none&quot;}\" data-widget_type=\"image.default\">\n\t\t\t\t<div class=\"elementor-widget-container\">\n\t\t\t\t\t\t\t\t\t\t\t\t\t\t\t\t<a href=\"https:\/\/www.dutchcomiccon.com\/nl\/activiteiten\/cosplay\/\">\n\t\t\t\t\t\t\t<img decoding=\"async\" width=\"768\" height=\"709\" src=\"https:\/\/easyfairsassets.com\/sites\/23\/2019\/04\/cosplay-2.png\" class=\"elementor-animation-grow attachment-large size-large wp-image-8887\" alt=\"\" srcset=\"https:\/\/easyfairsassets.com\/sites\/23\/2019\/04\/cosplay-2.png 768w, https:\/\/easyfairsassets.com\/sites\/23\/2019\/04\/cosplay-2-300x277.png 300w\" sizes=\"(max-width: 768px) 100vw, 768px\" \/>\t\t\t\t\t\t\t\t<\/a>\n\t\t\t\t\t\t\t\t\t\t\t\t\t\t\t<\/div>\n\t\t\t\t<\/div>\n\t\t\t\t\t<\/div>\n\t\t<\/div>\n\t\t\t\t<div class=\"elementor-column elementor-col-20 elementor-top-column elementor-element elementor-element-377aed3\" data-id=\"377aed3\" data-element_type=\"column\">\n\t\t\t<div class=\"elementor-widget-wrap elementor-element-populated\">\n\t\t\t\t\t\t<div class=\"elementor-element elementor-element-0c3bd17 elementor-widget elementor-widget-image\" data-id=\"0c3bd17\" data-element_type=\"widget\" data-widget_type=\"image.default\">\n\t\t\t\t<div class=\"elementor-widget-container\">\n\t\t\t\t\t\t\t\t\t\t\t\t\t\t\t\t<a href=\"https:\/\/www.dutchcomiccon.com\/nl\/activiteiten\/merchandise\/\">\n\t\t\t\t\t\t\t<img decoding=\"async\" width=\"768\" height=\"709\" src=\"https:\/\/easyfairsassets.com\/sites\/23\/2019\/04\/merch-1.png\" class=\"elementor-animation-grow attachment-large size-large wp-image-8896\" alt=\"\" srcset=\"https:\/\/easyfairsassets.com\/sites\/23\/2019\/04\/merch-1.png 768w, https:\/\/easyfairsassets.com\/sites\/23\/2019\/04\/merch-1-300x277.png 300w\" sizes=\"(max-width: 768px) 100vw, 768px\" \/>\t\t\t\t\t\t\t\t<\/a>\n\t\t\t\t\t\t\t\t\t\t\t\t\t\t\t<\/div>\n\t\t\t\t<\/div>\n\t\t\t\t\t<\/div>\n\t\t<\/div>\n\t\t\t\t<div class=\"elementor-column elementor-col-20 elementor-top-column elementor-element elementor-element-1b8a299\" data-id=\"1b8a299\" data-element_type=\"column\">\n\t\t\t<div class=\"elementor-widget-wrap elementor-element-populated\">\n\t\t\t\t\t\t<div class=\"elementor-element elementor-element-ca952a2 elementor-widget elementor-widget-image\" data-id=\"ca952a2\" data-element_type=\"widget\" data-widget_type=\"image.default\">\n\t\t\t\t<div class=\"elementor-widget-container\">\n\t\t\t\t\t\t\t\t\t\t\t\t\t\t\t\t<a href=\"https:\/\/www.dutchcomiccon.com\/nl\/activiteiten\/comics\/\">\n\t\t\t\t\t\t\t<img loading=\"lazy\" decoding=\"async\" width=\"768\" height=\"709\" src=\"https:\/\/easyfairsassets.com\/sites\/23\/2019\/04\/comics-3.png\" class=\"elementor-animation-grow attachment-large size-large wp-image-8944\" alt=\"\" srcset=\"https:\/\/easyfairsassets.com\/sites\/23\/2019\/04\/comics-3.png 768w, https:\/\/easyfairsassets.com\/sites\/23\/2019\/04\/comics-3-300x277.png 300w\" sizes=\"(max-width: 768px) 100vw, 768px\" \/>\t\t\t\t\t\t\t\t<\/a>\n\t\t\t\t\t\t\t\t\t\t\t\t\t\t\t<\/div>\n\t\t\t\t<\/div>\n\t\t\t\t\t<\/div>\n\t\t<\/div>\n\t\t\t\t<div class=\"elementor-column elementor-col-20 elementor-top-column elementor-element elementor-element-05a42ea\" data-id=\"05a42ea\" data-element_type=\"column\">\n\t\t\t<div class=\"elementor-widget-wrap elementor-element-populated\">\n\t\t\t\t\t\t<div class=\"elementor-element elementor-element-7fe7b83 elementor-widget elementor-widget-image\" data-id=\"7fe7b83\" data-element_type=\"widget\" data-widget_type=\"image.default\">\n\t\t\t\t<div class=\"elementor-widget-container\">\n\t\t\t\t\t\t\t\t\t\t\t\t\t\t\t\t<a href=\"https:\/\/www.dutchcomiccon.com\/nl\/activiteiten\/activiteiten\/\">\n\t\t\t\t\t\t\t<img loading=\"lazy\" decoding=\"async\" width=\"768\" height=\"709\" src=\"https:\/\/easyfairsassets.com\/sites\/23\/2019\/04\/activities2.png\" class=\"elementor-animation-grow attachment-large size-large wp-image-8917\" alt=\"\" srcset=\"https:\/\/easyfairsassets.com\/sites\/23\/2019\/04\/activities2.png 768w, https:\/\/easyfairsassets.com\/sites\/23\/2019\/04\/activities2-300x277.png 300w\" sizes=\"(max-width: 768px) 100vw, 768px\" \/>\t\t\t\t\t\t\t\t<\/a>\n\t\t\t\t\t\t\t\t\t\t\t\t\t\t\t<\/div>\n\t\t\t\t<\/div>\n\t\t\t\t\t<\/div>\n\t\t<\/div>\n\t\t\t\t\t<\/div>\n\t\t<\/section>\n\t\t\t\t<\/div>\n\t\t","protected":false},"excerpt":{"rendered":"<p>NWTV Home Gotta Catch &#8216;Em All bij NWTV.nl Pok\u00e9mon trainers opgelet! NWTV is namelijk aanwezig met een stand die volledig in het teken van Pok\u00e9mon staat. Gedurende het hele weekend vinden er diverse Pok\u00e9mon activiteiten plaatsen. Wat is NWTV? NWTV is een website waar verschillende onderwerpen voor de liefhebbers van moderne entertainment samenkomen. Op hun [&hellip;]<\/p>\n","protected":false},"author":1,"featured_media":0,"parent":6750,"menu_order":0,"comment_status":"closed","ping_status":"closed","template":"","meta":{"_seopress_robots_primary_cat":"","_seopress_titles_title":"","_seopress_titles_desc":"","_seopress_robots_index":"","footnotes":""},"class_list":["post-19101","page","type-page","status-publish","hentry"],"_links":{"self":[{"href":"https:\/\/www.dutchcomiccon.com\/nl\/wp-json\/wp\/v2\/pages\/19101","targetHints":{"allow":["GET"]}}],"collection":[{"href":"https:\/\/www.dutchcomiccon.com\/nl\/wp-json\/wp\/v2\/pages"}],"about":[{"href":"https:\/\/www.dutchcomiccon.com\/nl\/wp-json\/wp\/v2\/types\/page"}],"author":[{"embeddable":true,"href":"https:\/\/www.dutchcomiccon.com\/nl\/wp-json\/wp\/v2\/users\/1"}],"replies":[{"embeddable":true,"href":"https:\/\/www.dutchcomiccon.com\/nl\/wp-json\/wp\/v2\/comments?post=19101"}],"version-history":[{"count":2,"href":"https:\/\/www.dutchcomiccon.com\/nl\/wp-json\/wp\/v2\/pages\/19101\/revisions"}],"predecessor-version":[{"id":33538,"href":"https:\/\/www.dutchcomiccon.com\/nl\/wp-json\/wp\/v2\/pages\/19101\/revisions\/33538"}],"up":[{"embeddable":true,"href":"https:\/\/www.dutchcomiccon.com\/nl\/wp-json\/wp\/v2\/pages\/6750"}],"wp:attachment":[{"href":"https:\/\/www.dutchcomiccon.com\/nl\/wp-json\/wp\/v2\/media?parent=19101"}],"curies":[{"name":"wp","href":"https:\/\/api.w.org\/{rel}","templated":true}]}}